{"id":26,"date":"2019-10-19T21:12:59","date_gmt":"2019-10-19T19:12:59","guid":{"rendered":"http:\/\/www.wp-projekt-roz.generalcube.com\/?page_id=26"},"modified":"2019-10-19T21:12:59","modified_gmt":"2019-10-19T19:12:59","slug":"propaganda","status":"publish","type":"page","link":"https:\/\/projektroz.unitunicorn.com\/?page_id=26","title":{"rendered":"[:en]Propaganda[:pl]Propaganda[:]"},"content":{"rendered":"[:en]\n<p>Propaganda &#8211; a deliberate action aimed at shaping specific views and behaviors of a human community or individual. Spreading views and slogans aimed at gaining supporters. Propaganda has its colors. Our color is clearly white. The general principle of propaganda is to appeal to emotions and not to reason. Here we will consciously and purposefully place various important materials to understand what foster care is, what they are for and what foster carers are doing.<\/p>\n\n\n\n<p><strong>Our propaganda is not only about emotions, it is also about reason.<\/strong><\/p>\n[:pl]\n<p>Propaganda &#8211; celowe dzia\u0142anie zmierzaj\u0105ce do ukszta\u0142towania okre\u015blonych pogl\u0105d\u00f3w i zachowa\u0144 zbiorowo\u015bci ludzkiej lub jednostki.  Szerzenie pogl\u0105d\u00f3w i hase\u0142 maj\u0105cych na celu pozyskanie zwolennik\u00f3w. Propaganda ma swoje kolory. Kolor naszej jednoznacznie jest bia\u0142y.  Og\u00f3ln\u0105 zasad\u0105 propagandy jest apelowanie do emocji, a nie do rozumu. My w tym miejscu w spos\u00f3b \u015bwiadomy i celowy b\u0119dziemy umieszcza\u0107 r\u00f3\u017cne, wa\u017cne materia\u0142y kt\u00f3re pozwol\u0105 zrozumie\u0107, czym jest piecza zast\u0119pcza, po co s\u0105 i co robi\u0105 opiekunowie zast\u0119pczy. <\/p>\n\n\n\n<p><strong>Nasza propaganda to nie tylko emocje, to r\u00f3wnie\u017c rozum. <\/strong><\/p>\n\n\n\n<p><\/p>\n\n\n\n<p><\/p>\n[:]","protected":false},"excerpt":{"rendered":"<p>[:en] Propaganda &#8211; a deliberate action aimed at shaping specific views and behaviors of a human community or individual. Spreading views and slogans aimed at gaining supporters. Propaganda has its colors. Our color is clearly white. The general principle of propaganda is to appeal to emotions and not to reason. Here we will consciously and [&hellip;]<\/p>\n","protected":false},"author":2,"featured_media":0,"parent":0,"menu_order":0,"comment_status":"closed","ping_status":"closed","template":"","meta":{"footnotes":""},"class_list":["post-26","page","type-page","status-publish","hentry"],"_links":{"self":[{"href":"https:\/\/projektroz.unitunicorn.com\/index.php?rest_route=\/wp\/v2\/pages\/26","targetHints":{"allow":["GET"]}}],"collection":[{"href":"https:\/\/projektroz.unitunicorn.com\/index.php?rest_route=\/wp\/v2\/pages"}],"about":[{"href":"https:\/\/projektroz.unitunicorn.com\/index.php?rest_route=\/wp\/v2\/types\/page"}],"author":[{"embeddable":true,"href":"https:\/\/projektroz.unitunicorn.com\/index.php?rest_route=\/wp\/v2\/users\/2"}],"replies":[{"embeddable":true,"href":"https:\/\/projektroz.unitunicorn.com\/index.php?rest_route=%2Fwp%2Fv2%2Fcomments&post=26"}],"version-history":[{"count":0,"href":"https:\/\/projektroz.unitunicorn.com\/index.php?rest_route=\/wp\/v2\/pages\/26\/revisions"}],"wp:attachment":[{"href":"https:\/\/projektroz.unitunicorn.com\/index.php?rest_route=%2Fwp%2Fv2%2Fmedia&parent=26"}],"curies":[{"name":"wp","href":"https:\/\/api.w.org\/{rel}","templated":true}]}}