{"id":29,"date":"2019-10-19T21:13:22","date_gmt":"2019-10-19T19:13:22","guid":{"rendered":"http:\/\/www.wp-projekt-roz.generalcube.com\/?page_id=29"},"modified":"2019-10-19T21:13:22","modified_gmt":"2019-10-19T19:13:22","slug":"programy-i-projekty","status":"publish","type":"page","link":"https:\/\/projektroz.unitunicorn.com\/?page_id=29","title":{"rendered":"[:en]Programs and projects[:pl]Programy i projekty[:]"},"content":{"rendered":"[:en]\n<p>&#8220;Life is created by events, but it is only when we can interpret them, try to understand them and give them meaning that they turn into an experience. Events are facts, but experience is something unexpressedly different. It is the matter of our life, not the event. Experience is a fact that is interpreted and placed in memory.&#8221;    \/Olga Tokarczuk &#8211; PRZEMOWA NOBLOWSKA\/<\/p>\n\n\n\n<p><strong>Events, experiences, facts, interpretations, life. See what we do.<\/strong><\/p>\n[:pl]\n<p class=\"has-text-align-left has-black-color has-text-color\">&#8220;\u017bycie tworz\u0105 wydarzenia, lecz dopiero wtedy, gdy potrafimy je zinterpretowa\u0107, pr\u00f3bowa\u0107 zrozumie\u0107 i nada\u0107 im sens, zamieniaj\u0105 si\u0119 one w do\u015bwiadczenie. Wydarzenia s\u0105 faktami, ale do\u015bwiadczenie jest czym\u015b niewyra\u017calnie innym. To ono, nie za\u015b wydarzenie, jest materi\u0105 naszego \u017cycia. Do\u015bwiadczenie jest faktem poddanym interpretacji i umieszczonym w pami\u0119ci.&#8221;  <em>\/Olga Tokarczuk PRZEMOWA NOBLOWSKA\/<\/em><\/p>\n\n\n\n<p><strong>Wydarzenia, do\u015bwiadczenia, fakty, interpretacje, \u017cycie. Zobacz co robimy.<\/strong><\/p>\n\n\n\n<p><\/p>\n[:]","protected":false},"excerpt":{"rendered":"<p>[:en] &#8220;Life is created by events, but it is only when we can interpret them, try to understand them and give them meaning that they turn into an experience. Events are facts, but experience is something unexpressedly different. It is the matter of our life, not the event. Experience is a fact that is interpreted [&hellip;]<\/p>\n","protected":false},"author":2,"featured_media":0,"parent":0,"menu_order":0,"comment_status":"closed","ping_status":"closed","template":"","meta":{"footnotes":""},"class_list":["post-29","page","type-page","status-publish","hentry"],"_links":{"self":[{"href":"https:\/\/projektroz.unitunicorn.com\/index.php?rest_route=\/wp\/v2\/pages\/29","targetHints":{"allow":["GET"]}}],"collection":[{"href":"https:\/\/projektroz.unitunicorn.com\/index.php?rest_route=\/wp\/v2\/pages"}],"about":[{"href":"https:\/\/projektroz.unitunicorn.com\/index.php?rest_route=\/wp\/v2\/types\/page"}],"author":[{"embeddable":true,"href":"https:\/\/projektroz.unitunicorn.com\/index.php?rest_route=\/wp\/v2\/users\/2"}],"replies":[{"embeddable":true,"href":"https:\/\/projektroz.unitunicorn.com\/index.php?rest_route=%2Fwp%2Fv2%2Fcomments&post=29"}],"version-history":[{"count":0,"href":"https:\/\/projektroz.unitunicorn.com\/index.php?rest_route=\/wp\/v2\/pages\/29\/revisions"}],"wp:attachment":[{"href":"https:\/\/projektroz.unitunicorn.com\/index.php?rest_route=%2Fwp%2Fv2%2Fmedia&parent=29"}],"curies":[{"name":"wp","href":"https:\/\/api.w.org\/{rel}","templated":true}]}}