{"id":513,"date":"2019-12-26T22:16:07","date_gmt":"2019-12-26T21:16:07","guid":{"rendered":"http:\/\/www.wp-projekt-roz.generalcube.com\/?page_id=513"},"modified":"2019-12-26T22:16:07","modified_gmt":"2019-12-26T21:16:07","slug":"programy-telewizyjne-i-radiowe","status":"publish","type":"page","link":"https:\/\/projektroz.unitunicorn.com\/?page_id=513","title":{"rendered":"[:en]Podcasts and TV programs[:pl]Programy telewizyjne i radiowe[:]"},"content":{"rendered":"[:en]\n<p>prosz\u0119 nie edytowa\u0107 tego pola<\/p>\n[:pl]\n<p>prosz\u0119 nie edytowa\u0107 tego pola<\/p>\n[:]","protected":false},"excerpt":{"rendered":"<p>[:en] prosz\u0119 nie edytowa\u0107 tego pola [:pl] prosz\u0119 nie edytowa\u0107 tego pola [:]<\/p>\n","protected":false},"author":2,"featured_media":0,"parent":0,"menu_order":0,"comment_status":"closed","ping_status":"closed","template":"","meta":{"footnotes":""},"class_list":["post-513","page","type-page","status-publish","hentry"],"_links":{"self":[{"href":"https:\/\/projektroz.unitunicorn.com\/index.php?rest_route=\/wp\/v2\/pages\/513","targetHints":{"allow":["GET"]}}],"collection":[{"href":"https:\/\/projektroz.unitunicorn.com\/index.php?rest_route=\/wp\/v2\/pages"}],"about":[{"href":"https:\/\/projektroz.unitunicorn.com\/index.php?rest_route=\/wp\/v2\/types\/page"}],"author":[{"embeddable":true,"href":"https:\/\/projektroz.unitunicorn.com\/index.php?rest_route=\/wp\/v2\/users\/2"}],"replies":[{"embeddable":true,"href":"https:\/\/projektroz.unitunicorn.com\/index.php?rest_route=%2Fwp%2Fv2%2Fcomments&post=513"}],"version-history":[{"count":0,"href":"https:\/\/projektroz.unitunicorn.com\/index.php?rest_route=\/wp\/v2\/pages\/513\/revisions"}],"wp:attachment":[{"href":"https:\/\/projektroz.unitunicorn.com\/index.php?rest_route=%2Fwp%2Fv2%2Fmedia&parent=513"}],"curies":[{"name":"wp","href":"https:\/\/api.w.org\/{rel}","templated":true}]}}